{"id":7886,"date":"2024-05-03T17:58:54","date_gmt":"2024-05-03T17:58:54","guid":{"rendered":"https:\/\/consultamx.com\/?page_id=7886"},"modified":"2025-10-29T16:50:35","modified_gmt":"2025-10-29T16:50:35","slug":"articulos","status":"publish","type":"page","link":"https:\/\/consultamx.com\/?page_id=7886","title":{"rendered":"Art\u00edculos"},"content":{"rendered":"<div class=\"wpb-content-wrapper\"><p>[vc_row css=\u00bb.vc_custom_1710380822668{padding-top: 50px !important;padding-bottom: 50px !important;}\u00bb _et_uniqid=\u00bbet_custom_uniqid_new_65f2570ac2fd5&#8243; el_id=\u00bbdescargables\u00bb][vc_column][vc_custom_heading text=\u00bbQUEREMOS COMPARTIR LO<br \/>\nQUE SABEMOS CONTIGO\u00bb font_container=\u00bbtag:h3|font_size:2em|text_align:center|color:%23000000|line_height:1.2&#8243; google_fonts=\u00bbfont_family:vastagogrotesk%3Aregular\u00bb css=\u00bb\u00bb][vc_custom_heading text=\u00bbexplora nuestros art\u00edculos\u00bb font_container=\u00bbtag:h3|font_size:1em|text_align:center|color:%23000000|line_height:1.2&#8243; use_theme_fonts=\u00bbyes\u00bb css=\u00bb\u00bb][vc_empty_space][vc_row_inner][vc_column_inner width=\u00bb1\/4&#8243;][vc_single_image image=\u00bb7914&#8243; img_size=\u00bbfull\u00bb onclick=\u00bbcustom_link\u00bb css=\u00bb\u00bb link=\u00bbhttps:\/\/consultamx.com\/wp-content\/uploads\/2025\/10\/Articulo-El-Modelo-Canvas-Inmobiliario-Innovando-en-el-Desarrollo-de-Proyectos.pdf\u00bb][vc_custom_heading text=\u00bbEl Modelo Canvas Inmobiliario Innovando en el Desarrollo de Proyectos\u00bb font_container=\u00bbtag:p|font_size:1em|text_align:center|color:%23000000|line_height:1.2&#8243; use_theme_fonts=\u00bbyes\u00bb][\/vc_column_inner][vc_column_inner width=\u00bb1\/4&#8243;][vc_single_image image=\u00bb7915&#8243; img_size=\u00bbfull\u00bb onclick=\u00bbcustom_link\u00bb img_link_target=\u00bb_blank\u00bb css=\u00bb\u00bb link=\u00bbhttps:\/\/consultamx.com\/wp-content\/uploads\/2025\/10\/Articulo-Identificando-nichos-de-mercado.pdf\u00bb][vc_custom_heading text=\u00bbIdentificando nichos de mercado\u00bb font_container=\u00bbtag:p|font_size:1em|text_align:center|color:%23000000|line_height:1.2&#8243; use_theme_fonts=\u00bbyes\u00bb][\/vc_column_inner][vc_column_inner width=\u00bb1\/4&#8243;][vc_single_image image=\u00bb7922&#8243; img_size=\u00bbfull\u00bb onclick=\u00bbcustom_link\u00bb img_link_target=\u00bb_blank\u00bb css=\u00bb\u00bb link=\u00bbhttps:\/\/consultamx.com\/wp-content\/uploads\/2025\/10\/Articulo-Como-saber-si-un-terreno-es-una-buena-inversion.pdf\u00bb][vc_custom_heading text=\u00bbC\u00f3mo saber si un terreno es una buena inversi\u00f3n\u00bb font_container=\u00bbtag:p|font_size:1em|text_align:center|color:%23000000|line_height:1.2&#8243; use_theme_fonts=\u00bbyes\u00bb][\/vc_column_inner][vc_column_inner width=\u00bb1\/4&#8243;][vc_single_image image=\u00bb7696&#8243; img_size=\u00bbfull\u00bb onclick=\u00bbcustom_link\u00bb img_link_target=\u00bb_blank\u00bb css=\u00bb\u00bb link=\u00bbhttps:\/\/consultamx.com\/wp-content\/uploads\/2025\/10\/Articulo-Las-5-Mejores-Practicas-del-Negocio-Inmobiliario.pdf\u00bb][vc_custom_heading text=\u00bbLas 5 Mejores Pr\u00e1cticas del Negocio Inmobiliario\u00bb font_container=\u00bbtag:p|font_size:1em|text_align:center|color:%23000000|line_height:1.2&#8243; use_theme_fonts=\u00bbyes\u00bb][\/vc_column_inner][\/vc_row_inner][vc_empty_space][vc_row_inner][vc_column_inner width=\u00bb1\/4&#8243;][vc_single_image image=\u00bb8118&#8243; img_size=\u00bbfull\u00bb onclick=\u00bbcustom_link\u00bb img_link_target=\u00bb_blank\u00bb css=\u00bb\u00bb link=\u00bbhttps:\/\/consultamx.com\/wp-content\/uploads\/2025\/10\/Articulo-Aportacion-de-tierra.pdf\u00bb][vc_custom_heading text=\u00bbAportaci\u00f3n de predios: Estrategia de capitalizaci\u00f3n en proyectos inmobiliarios\u00bb font_container=\u00bbtag:p|font_size:1em|text_align:center|color:%23000000|line_height:1.2&#8243; use_theme_fonts=\u00bbyes\u00bb css=\u00bb\u00bb][\/vc_column_inner][vc_column_inner width=\u00bb1\/4&#8243;][vc_single_image image=\u00bb8132&#8243; img_size=\u00bbfull\u00bb onclick=\u00bbcustom_link\u00bb img_link_target=\u00bb_blank\u00bb css=\u00bb\u00bb link=\u00bbhttps:\/\/consultamx.com\/wp-content\/uploads\/2025\/10\/Articulo-Adaptando-Herramientas-de-Analisis.pdf\u00bb][vc_custom_heading text=\u00bbAdaptando Herramientas de An\u00e1lisis C\u00f3mo Consulta MX Reimagin\u00f3 la Matriz de McKinsey para Proyectos Inmobiliarios\u00bb font_container=\u00bbtag:p|font_size:1em|text_align:center|color:%23000000|line_height:1.2&#8243; use_theme_fonts=\u00bbyes\u00bb css=\u00bb\u00bb][\/vc_column_inner][vc_column_inner width=\u00bb1\/4&#8243;][vc_single_image image=\u00bb8131&#8243; img_size=\u00bbfull\u00bb onclick=\u00bbcustom_link\u00bb img_link_target=\u00bb_blank\u00bb css=\u00bb\u00bb link=\u00bbhttps:\/\/consultamx.com\/wp-content\/uploads\/2025\/10\/Articulo-Inversiones-inmobiliarias-seguras.pdf\u00bb][vc_custom_heading text=\u00bbInversiones Inmobiliarias Seguras con Performance Monitoring\u00bb font_container=\u00bbtag:p|font_size:1em|text_align:center|color:%23000000|line_height:1.2&#8243; use_theme_fonts=\u00bbyes\u00bb css=\u00bb\u00bb][\/vc_column_inner][vc_column_inner width=\u00bb1\/4&#8243;][vc_single_image image=\u00bb8130&#8243; img_size=\u00bbfull\u00bb onclick=\u00bbcustom_link\u00bb img_link_target=\u00bb_blank\u00bb css=\u00bb\u00bb link=\u00bbhttps:\/\/consultamx.com\/wp-content\/uploads\/2025\/10\/Articulo-Definiendo-la-Responsabilidad-del-Project-Manager.pdf\u00bb][vc_custom_heading text=\u00bbDefiniendo la Responsabilidad del Project Manager en los proyectos inmobiliarios\u00bb font_container=\u00bbtag:p|font_size:1em|text_align:center|color:%23000000|line_height:1.2&#8243; use_theme_fonts=\u00bbyes\u00bb css=\u00bb\u00bb][\/vc_column_inner][\/vc_row_inner][vc_empty_space][\/vc_column][\/vc_row]<\/p>\n<\/div>","protected":false},"excerpt":{"rendered":"<p>[vc_row css=\u00bb.vc_custom_1710380822668{padding-top: 50px !important;padding-bottom: 50px !important;}\u00bb _et_uniqid=\u00bbet_custom_uniqid_new_65f2570ac2fd5&#8243; el_id=\u00bbdescargables\u00bb][vc_column][vc_custom_heading text=\u00bbQUEREMOS COMPARTIR LO QUE SABEMOS CONTIGO\u00bb font_container=\u00bbtag:h3|font_size:2em|text_align:center|color:%23000000|line_height:1.2&#8243; google_fonts=\u00bbfont_family:vastagogrotesk%3Aregular\u00bb css=\u00bb\u00bb][vc_custom_heading text=\u00bbexplora nuestros art\u00edculos\u00bb font_container=\u00bbtag:h3|font_size:1em|text_align:center|color:%23000000|line_height:1.2&#8243; use_theme_fonts=\u00bbyes\u00bb css=\u00bb\u00bb][vc_empty_space][vc_row_inner][vc_column_inner width=\u00bb1\/4&#8243;][vc_single_image image=\u00bb7914&#8243; img_size=\u00bbfull\u00bb onclick=\u00bbcustom_link\u00bb css=\u00bb\u00bb link=\u00bbhttps:\/\/consultamx.com\/wp-content\/uploads\/2025\/10\/Articulo-El-Modelo-Canvas-Inmobiliario-Innovando-en-el-Desarrollo-de-Proyectos.pdf\u00bb][vc_custom_heading text=\u00bbEl Modelo Canvas Inmobiliario Innovando en el Desarrollo de Proyectos\u00bb font_container=\u00bbtag:p|font_size:1em|text_align:center|color:%23000000|line_height:1.2&#8243; use_theme_fonts=\u00bbyes\u00bb][\/vc_column_inner][vc_column_inner width=\u00bb1\/4&#8243;][vc_single_image image=\u00bb7915&#8243; img_size=\u00bbfull\u00bb onclick=\u00bbcustom_link\u00bb img_link_target=\u00bb_blank\u00bb css=\u00bb\u00bb link=\u00bbhttps:\/\/consultamx.com\/wp-content\/uploads\/2025\/10\/Articulo-Identificando-nichos-de-mercado.pdf\u00bb][vc_custom_heading text=\u00bbIdentificando nichos de mercado\u00bb font_container=\u00bbtag:p|font_size:1em|text_align:center|color:%23000000|line_height:1.2&#8243; use_theme_fonts=\u00bbyes\u00bb][\/vc_column_inner][vc_column_inner width=\u00bb1\/4&#8243;][vc_single_image image=\u00bb7922&#8243; img_size=\u00bbfull\u00bb onclick=\u00bbcustom_link\u00bb img_link_target=\u00bb_blank\u00bb css=\u00bb\u00bb link=\u00bbhttps:\/\/consultamx.com\/wp-content\/uploads\/2025\/10\/Articulo-Como-saber-si-un-terreno-es-una-buena-inversion.pdf\u00bb][vc_custom_heading text=\u00bbC\u00f3mo saber si un terreno es una buena inversi\u00f3n\u00bb font_container=\u00bbtag:p|font_size:1em|text_align:center|color:%23000000|line_height:1.2&#8243; use_theme_fonts=\u00bbyes\u00bb][\/vc_column_inner][vc_column_inner width=\u00bb1\/4&#8243;][vc_single_image image=\u00bb7696&#8243; img_size=\u00bbfull\u00bb onclick=\u00bbcustom_link\u00bb img_link_target=\u00bb_blank\u00bb css=\u00bb\u00bb link=\u00bbhttps:\/\/consultamx.com\/wp-content\/uploads\/2025\/10\/Articulo-Las-5-Mejores-Practicas-del-Negocio-Inmobiliario.pdf\u00bb][vc_custom_heading text=\u00bbLas 5 Mejores Pr\u00e1cticas del Negocio Inmobiliario\u00bb font_container=\u00bbtag:p|font_size:1em|text_align:center|color:%23000000|line_height:1.2&#8243; use_theme_fonts=\u00bbyes\u00bb][\/vc_column_inner][\/vc_row_inner][vc_empty_space][vc_row_inner][vc_column_inner width=\u00bb1\/4&#8243;][vc_single_image image=\u00bb8118&#8243; img_size=\u00bbfull\u00bb onclick=\u00bbcustom_link\u00bb img_link_target=\u00bb_blank\u00bb css=\u00bb\u00bb link=\u00bbhttps:\/\/consultamx.com\/wp-content\/uploads\/2025\/10\/Articulo-Aportacion-de-tierra.pdf\u00bb][vc_custom_heading text=\u00bbAportaci\u00f3n de predios: Estrategia de&#8230;<\/p>\n","protected":false},"author":1,"featured_media":0,"parent":0,"menu_order":0,"comment_status":"closed","ping_status":"closed","template":"","meta":{"_joinchat":[],"footnotes":""},"yoast_head":"<!-- This site is optimized with the Yoast SEO plugin v24.3 - https:\/\/yoast.com\/wordpress\/plugins\/seo\/ -->\n<title>Art\u00edculos - Consulta<\/title>\n<meta name=\"description\" content=\"Conoce m\u00e1s del sector inmobiliario desde la experiencia de nuestra consultora inmobiliaria con estos articul\" \/>\n<meta name=\"robots\" content=\"index, follow, max-snippet:-1, max-image-preview:large, max-video-preview:-1\" \/>\n<link rel=\"canonical\" href=\"https:\/\/consultamx.com\/?page_id=7886\" \/>\n<meta property=\"og:locale\" content=\"es_ES\" \/>\n<meta property=\"og:type\" content=\"article\" \/>\n<meta property=\"og:title\" content=\"Art\u00edculos - Consulta\" \/>\n<meta property=\"og:description\" content=\"Conoce m\u00e1s del sector inmobiliario desde la experiencia de nuestra consultora inmobiliaria con estos articul\" \/>\n<meta property=\"og:url\" content=\"https:\/\/consultamx.com\/?page_id=7886\" \/>\n<meta property=\"og:site_name\" content=\"Consulta\" \/>\n<meta property=\"article:publisher\" content=\"https:\/\/www.facebook.com\/ConsultaMx\/\" \/>\n<meta property=\"article:modified_time\" content=\"2025-10-29T16:50:35+00:00\" \/>\n<meta name=\"twitter:card\" content=\"summary_large_image\" \/>\n<meta name=\"twitter:label1\" content=\"Tiempo de lectura\" \/>\n\t<meta name=\"twitter:data1\" content=\"1 minuto\" \/>\n<script type=\"application\/ld+json\" class=\"yoast-schema-graph\">{\"@context\":\"https:\/\/schema.org\",\"@graph\":[{\"@type\":\"WebPage\",\"@id\":\"https:\/\/consultamx.com\/?page_id=7886\",\"url\":\"https:\/\/consultamx.com\/?page_id=7886\",\"name\":\"Art\u00edculos - Consulta\",\"isPartOf\":{\"@id\":\"https:\/\/consultamx.com\/#website\"},\"datePublished\":\"2024-05-03T17:58:54+00:00\",\"dateModified\":\"2025-10-29T16:50:35+00:00\",\"description\":\"Conoce m\u00e1s del sector inmobiliario desde la experiencia de nuestra consultora inmobiliaria con estos articul\",\"breadcrumb\":{\"@id\":\"https:\/\/consultamx.com\/?page_id=7886#breadcrumb\"},\"inLanguage\":\"es\",\"potentialAction\":[{\"@type\":\"ReadAction\",\"target\":[\"https:\/\/consultamx.com\/?page_id=7886\"]}]},{\"@type\":\"BreadcrumbList\",\"@id\":\"https:\/\/consultamx.com\/?page_id=7886#breadcrumb\",\"itemListElement\":[{\"@type\":\"ListItem\",\"position\":1,\"name\":\"Portada\",\"item\":\"https:\/\/consultamx.com\/\"},{\"@type\":\"ListItem\",\"position\":2,\"name\":\"Art\u00edculos\"}]},{\"@type\":\"WebSite\",\"@id\":\"https:\/\/consultamx.com\/#website\",\"url\":\"https:\/\/consultamx.com\/\",\"name\":\"consultamx.com\",\"description\":\"Consultor\u00eda Inmobiliaria\",\"publisher\":{\"@id\":\"https:\/\/consultamx.com\/#organization\"},\"potentialAction\":[{\"@type\":\"SearchAction\",\"target\":{\"@type\":\"EntryPoint\",\"urlTemplate\":\"https:\/\/consultamx.com\/?s={search_term_string}\"},\"query-input\":{\"@type\":\"PropertyValueSpecification\",\"valueRequired\":true,\"valueName\":\"search_term_string\"}}],\"inLanguage\":\"es\"},{\"@type\":\"Organization\",\"@id\":\"https:\/\/consultamx.com\/#organization\",\"name\":\"Consulta\",\"url\":\"https:\/\/consultamx.com\/\",\"logo\":{\"@type\":\"ImageObject\",\"inLanguage\":\"es\",\"@id\":\"https:\/\/consultamx.com\/#\/schema\/logo\/image\/\",\"url\":\"https:\/\/consultamx.com\/wp-content\/uploads\/2025\/01\/Consulta-Logo-PNG.png\",\"contentUrl\":\"https:\/\/consultamx.com\/wp-content\/uploads\/2025\/01\/Consulta-Logo-PNG.png\",\"width\":1000,\"height\":1000,\"caption\":\"Consulta\"},\"image\":{\"@id\":\"https:\/\/consultamx.com\/#\/schema\/logo\/image\/\"},\"sameAs\":[\"https:\/\/www.facebook.com\/ConsultaMx\/\",\"https:\/\/www.instagram.com\/consulta.mx\/\",\"https:\/\/www.linkedin.com\/company\/consultamx\/\"]}]}<\/script>\n<!-- \/ Yoast SEO plugin. -->","yoast_head_json":{"title":"Art\u00edculos - Consulta","description":"Conoce m\u00e1s del sector inmobiliario desde la experiencia de nuestra consultora inmobiliaria con estos articul","robots":{"index":"index","follow":"follow","max-snippet":"max-snippet:-1","max-image-preview":"max-image-preview:large","max-video-preview":"max-video-preview:-1"},"canonical":"https:\/\/consultamx.com\/?page_id=7886","og_locale":"es_ES","og_type":"article","og_title":"Art\u00edculos - Consulta","og_description":"Conoce m\u00e1s del sector inmobiliario desde la experiencia de nuestra consultora inmobiliaria con estos articul","og_url":"https:\/\/consultamx.com\/?page_id=7886","og_site_name":"Consulta","article_publisher":"https:\/\/www.facebook.com\/ConsultaMx\/","article_modified_time":"2025-10-29T16:50:35+00:00","twitter_card":"summary_large_image","twitter_misc":{"Tiempo de lectura":"1 minuto"},"schema":{"@context":"https:\/\/schema.org","@graph":[{"@type":"WebPage","@id":"https:\/\/consultamx.com\/?page_id=7886","url":"https:\/\/consultamx.com\/?page_id=7886","name":"Art\u00edculos - Consulta","isPartOf":{"@id":"https:\/\/consultamx.com\/#website"},"datePublished":"2024-05-03T17:58:54+00:00","dateModified":"2025-10-29T16:50:35+00:00","description":"Conoce m\u00e1s del sector inmobiliario desde la experiencia de nuestra consultora inmobiliaria con estos articul","breadcrumb":{"@id":"https:\/\/consultamx.com\/?page_id=7886#breadcrumb"},"inLanguage":"es","potentialAction":[{"@type":"ReadAction","target":["https:\/\/consultamx.com\/?page_id=7886"]}]},{"@type":"BreadcrumbList","@id":"https:\/\/consultamx.com\/?page_id=7886#breadcrumb","itemListElement":[{"@type":"ListItem","position":1,"name":"Portada","item":"https:\/\/consultamx.com\/"},{"@type":"ListItem","position":2,"name":"Art\u00edculos"}]},{"@type":"WebSite","@id":"https:\/\/consultamx.com\/#website","url":"https:\/\/consultamx.com\/","name":"consultamx.com","description":"Consultor\u00eda Inmobiliaria","publisher":{"@id":"https:\/\/consultamx.com\/#organization"},"potentialAction":[{"@type":"SearchAction","target":{"@type":"EntryPoint","urlTemplate":"https:\/\/consultamx.com\/?s={search_term_string}"},"query-input":{"@type":"PropertyValueSpecification","valueRequired":true,"valueName":"search_term_string"}}],"inLanguage":"es"},{"@type":"Organization","@id":"https:\/\/consultamx.com\/#organization","name":"Consulta","url":"https:\/\/consultamx.com\/","logo":{"@type":"ImageObject","inLanguage":"es","@id":"https:\/\/consultamx.com\/#\/schema\/logo\/image\/","url":"https:\/\/consultamx.com\/wp-content\/uploads\/2025\/01\/Consulta-Logo-PNG.png","contentUrl":"https:\/\/consultamx.com\/wp-content\/uploads\/2025\/01\/Consulta-Logo-PNG.png","width":1000,"height":1000,"caption":"Consulta"},"image":{"@id":"https:\/\/consultamx.com\/#\/schema\/logo\/image\/"},"sameAs":["https:\/\/www.facebook.com\/ConsultaMx\/","https:\/\/www.instagram.com\/consulta.mx\/","https:\/\/www.linkedin.com\/company\/consultamx\/"]}]}},"_links":{"self":[{"href":"https:\/\/consultamx.com\/index.php?rest_route=\/wp\/v2\/pages\/7886"}],"collection":[{"href":"https:\/\/consultamx.com\/index.php?rest_route=\/wp\/v2\/pages"}],"about":[{"href":"https:\/\/consultamx.com\/index.php?rest_route=\/wp\/v2\/types\/page"}],"author":[{"embeddable":true,"href":"https:\/\/consultamx.com\/index.php?rest_route=\/wp\/v2\/users\/1"}],"replies":[{"embeddable":true,"href":"https:\/\/consultamx.com\/index.php?rest_route=%2Fwp%2Fv2%2Fcomments&post=7886"}],"version-history":[{"count":18,"href":"https:\/\/consultamx.com\/index.php?rest_route=\/wp\/v2\/pages\/7886\/revisions"}],"predecessor-version":[{"id":8137,"href":"https:\/\/consultamx.com\/index.php?rest_route=\/wp\/v2\/pages\/7886\/revisions\/8137"}],"wp:attachment":[{"href":"https:\/\/consultamx.com\/index.php?rest_route=%2Fwp%2Fv2%2Fmedia&parent=7886"}],"curies":[{"name":"wp","href":"https:\/\/api.w.org\/{rel}","templated":true}]}}